{"id":1123,"date":"2023-02-22T12:33:34","date_gmt":"2023-02-22T12:33:34","guid":{"rendered":"https:\/\/wpdemo1.ethz.ch\/?page_id=1123"},"modified":"2026-03-24T18:07:40","modified_gmt":"2026-03-24T18:07:40","slug":"partnerschaften","status":"publish","type":"page","link":"https:\/\/sswz.ch\/en\/partnerschaften\/","title":{"rendered":"Partnerships"},"content":{"rendered":"<div data-elementor-type=\"wp-page\" data-elementor-id=\"1123\" class=\"elementor elementor-1123\" data-elementor-post-type=\"page\">\n\t\t\t\t\t\t<section class=\"elementor-section elementor-top-section elementor-element elementor-element-a591f69 elementor-section-height-min-height elementor-section-content-middle elementor-section-items-bottom herosection elementor-section-boxed elementor-section-height-default\" data-id=\"a591f69\" data-element_type=\"section\" data-e-type=\"section\" data-settings=\"{&quot;background_background&quot;:&quot;classic&quot;}\">\n\t\t\t\t\t\t\t<div class=\"elementor-background-overlay\"><\/div>\n\t\t\t\t\t\t\t<div class=\"elementor-container elementor-column-gap-default\">\n\t\t\t\t\t<div class=\"elementor-column elementor-col-100 elementor-top-column elementor-element elementor-element-177fed8 elementor-invisible\" data-id=\"177fed8\" data-element_type=\"column\" data-e-type=\"column\" data-settings=\"{&quot;animation&quot;:&quot;fadeInUp&quot;}\">\n\t\t\t<div class=\"elementor-widget-wrap elementor-element-populated\">\n\t\t\t\t\t\t<div class=\"elementor-element elementor-element-2676e79 elementor-widget__width-initial elementor-widget elementor-widget-heading\" data-id=\"2676e79\" data-element_type=\"widget\" data-e-type=\"widget\" data-widget_type=\"heading.default\">\n\t\t\t\t<div class=\"elementor-widget-container\">\n\t\t\t\t\t<h1 class=\"elementor-heading-title elementor-size-default\">Through which interdisciplinary\npartnerships we make an impact<\/h1>\t\t\t\t<\/div>\n\t\t\t\t<\/div>\n\t\t\t\t<div class=\"elementor-element elementor-element-fdc5b10 elementor-widget elementor-widget-heading\" data-id=\"fdc5b10\" data-element_type=\"widget\" data-e-type=\"widget\" data-widget_type=\"heading.default\">\n\t\t\t\t<div class=\"elementor-widget-container\">\n\t\t\t\t\t<p class=\"elementor-heading-title elementor-size-default\">Together for Zurich as a center of higher education<\/p>\t\t\t\t<\/div>\n\t\t\t\t<\/div>\n\t\t\t\t<div class=\"elementor-element elementor-element-26ac050 elementor-widget elementor-widget-button\" data-id=\"26ac050\" data-element_type=\"widget\" data-e-type=\"widget\" data-widget_type=\"button.default\">\n\t\t\t\t<div class=\"elementor-widget-container\">\n\t\t\t\t\t\t\t\t\t<div class=\"elementor-button-wrapper\">\n\t\t\t\t\t<a class=\"elementor-button elementor-button-link elementor-size-sm\" href=\"#partner\">\n\t\t\t\t\t\t<span class=\"elementor-button-content-wrapper\">\n\t\t\t\t\t\t\t\t\t<span class=\"elementor-button-text\">Learn more<\/span>\n\t\t\t\t\t<\/span>\n\t\t\t\t\t<\/a>\n\t\t\t\t<\/div>\n\t\t\t\t\t\t\t\t<\/div>\n\t\t\t\t<\/div>\n\t\t\t\t\t<\/div>\n\t\t<\/div>\n\t\t\t\t\t<\/div>\n\t\t<\/section>\n\t\t\t\t<section class=\"elementor-section elementor-top-section elementor-element elementor-element-64ac961 elementor-section-boxed elementor-section-height-default elementor-section-height-default\" data-id=\"64ac961\" data-element_type=\"section\" data-e-type=\"section\" id=\"partner\" data-settings=\"{&quot;background_background&quot;:&quot;classic&quot;}\">\n\t\t\t\t\t\t\t<div class=\"elementor-background-overlay\"><\/div>\n\t\t\t\t\t\t\t<div class=\"elementor-container elementor-column-gap-default\">\n\t\t\t\t\t<div class=\"elementor-column elementor-col-100 elementor-top-column elementor-element elementor-element-25631d5 elementor-invisible\" data-id=\"25631d5\" data-element_type=\"column\" data-e-type=\"column\" data-settings=\"{&quot;animation&quot;:&quot;fadeInUp&quot;}\">\n\t\t\t<div class=\"elementor-widget-wrap elementor-element-populated\">\n\t\t\t\t\t\t<section class=\"elementor-section elementor-inner-section elementor-element elementor-element-68c61b4 elementor-section-boxed elementor-section-height-default elementor-section-height-default\" data-id=\"68c61b4\" data-element_type=\"section\" data-e-type=\"section\">\n\t\t\t\t\t\t<div class=\"elementor-container elementor-column-gap-default\">\n\t\t\t\t\t<div class=\"elementor-column elementor-col-100 elementor-inner-column elementor-element elementor-element-cdb4dfe\" data-id=\"cdb4dfe\" data-element_type=\"column\" data-e-type=\"column\">\n\t\t\t<div class=\"elementor-widget-wrap elementor-element-populated\">\n\t\t\t\t\t\t<div class=\"elementor-element elementor-element-ebea6d6 elementor-widget-divider--view-line elementor-widget elementor-widget-divider\" data-id=\"ebea6d6\" data-element_type=\"widget\" data-e-type=\"widget\" data-widget_type=\"divider.default\">\n\t\t\t\t<div class=\"elementor-widget-container\">\n\t\t\t\t\t\t\t<div class=\"elementor-divider\">\n\t\t\t<span class=\"elementor-divider-separator\">\n\t\t\t\t\t\t<\/span>\n\t\t<\/div>\n\t\t\t\t\t\t<\/div>\n\t\t\t\t<\/div>\n\t\t\t\t<div class=\"elementor-element elementor-element-66d499cd elementor-widget-tablet__width-initial elementor-widget elementor-widget-heading\" data-id=\"66d499cd\" data-element_type=\"widget\" data-e-type=\"widget\" data-widget_type=\"heading.default\">\n\t\t\t\t<div class=\"elementor-widget-container\">\n\t\t\t\t\t<h2 class=\"elementor-heading-title elementor-size-default\">SSWZ Networks<\/h2>\t\t\t\t<\/div>\n\t\t\t\t<\/div>\n\t\t\t\t\t<\/div>\n\t\t<\/div>\n\t\t\t\t\t<\/div>\n\t\t<\/section>\n\t\t\t\t<div class=\"elementor-element elementor-element-ddae127 elementor-widget elementor-widget-html\" data-id=\"ddae127\" data-element_type=\"widget\" data-e-type=\"widget\" data-widget_type=\"html.default\">\n\t\t\t\t<div class=\"elementor-widget-container\">\n\t\t\t\t\t<style>\n  #mind-map {\n    position: relative;\n    width: 100%;\n    max-width: 1140px;\n    margin: 0 auto;\n    min-height: 70vh;\n    overflow: hidden;\n    display: flex;\n    flex-wrap: wrap;\n    align-items: center;\n    justify-content: center;\n    gap: 20px 24px;\n    padding: 40px 20px;\n    box-sizing: border-box;\n  }\n\n  #mind-map .logo-wrapper {\n    width: 100%;\n    display: flex;\n    justify-content: center;\n    order: 18;\n    margin: 30px 0;\n  }\n\n  #mind-map .logo-wrapper img {\n    max-width: 180px;\n    background-color: #081F47;\n    padding: 20px;\n    border-radius: 10px;\n  }\n\n  #mind-map .word {\n    color: #fff;\n    text-align: center;\n    transition: transform 0.3s ease-in-out;\n    line-height: 1.4;\n    padding: 6px 14px;\n    flex-shrink: 1;\n    white-space: nowrap;\n  }\n\n  #mind-map .word:hover {\n    transform: scale(1.15);\n    animation-play-state: paused;\n  }\n\n  #mind-map .word.animated {\n    animation: scaling 2s infinite alternate;\n  }\n\n  @keyframes scaling {\n    0%   { transform: scale(1);   opacity: 1; }\n    50%  { opacity: 0.5; }\n    100% { transform: scale(1.08); opacity: 1; }\n  }\n\n  .word.size-xl  { font-size: 32px; font-weight: bolder; }\n  .word.size-l   { font-size: 26px; font-weight: bolder; }\n  .word.size-m   { font-size: 18px; font-weight: bold; }\n  .word.size-s   { font-size: 15px; }\n  .word.size-xs  { font-size: 13px; opacity: 0.85; }\n\n  .word:nth-child(odd)  { transform: translateY(-3px); }\n  .word:nth-child(even) { transform: translateY(3px); }\n  .word:nth-child(3n)   { transform: translateY(5px); }\n  .word:nth-child(5n)   { transform: translateY(-4px); }\n\n  .word:nth-child(1)  { order: 5;  }\n  .word:nth-child(2)  { order: 14; }\n  .word:nth-child(3)  { order: 8;  }\n  .word:nth-child(4)  { order: 22; }\n  .word:nth-child(5)  { order: 3;  }\n  .word:nth-child(6)  { order: 27; }\n  .word:nth-child(7)  { order: 11; }\n  .word:nth-child(8)  { order: 30; }\n  .word:nth-child(9)  { order: 20; }\n  .word:nth-child(10) { order: 1;  }\n  .word:nth-child(11) { order: 25; }\n  .word:nth-child(12) { order: 16; }\n  .word:nth-child(13) { order: 7;  }\n  .word:nth-child(14) { order: 2;  }\n  .word:nth-child(15) { order: 10; }\n  .word:nth-child(16) { order: 4;  }\n  .word:nth-child(17) { order: 19; }\n  .word:nth-child(18) { order: 13; }\n  .word:nth-child(19) { order: 28; }\n  .word:nth-child(20) { order: 24; }\n  .word:nth-child(21) { order: 31; }\n  .word:nth-child(22) { order: 26; }\n  .word:nth-child(23) { order: 33; }\n  .word:nth-child(24) { order: 17; }\n  .word:nth-child(25) { order: 6;  }\n  .word:nth-child(26) { order: 9;  }\n  .word:nth-child(27) { order: 15; }\n  .word:nth-child(28) { order: 21; }\n  .word:nth-child(29) { order: 29; }\n  .word:nth-child(30) { order: 32; }\n  .word:nth-child(31) { order: 34; }\n  .word:nth-child(32) { order: 23; }\n  .word:nth-child(33) { order: 12; }\n  .word:nth-child(34) { order: 35; }\n  .word:nth-child(35) { order: 36; }\n\n  @media only screen and (max-width: 767px) {\n    #mind-map {\n      min-height: auto;\n      padding: 20px 10px;\n      gap: 14px 16px;\n    }\n\n    #mind-map .logo-wrapper img {\n      max-width: 130px;\n      padding: 14px;\n    }\n\n    .word.size-xl { font-size: 22px; }\n    .word.size-l  { font-size: 18px; }\n    .word.size-m  { font-size: 15px; }\n    .word.size-s  { font-size: 13px; }\n    .word.size-xs { font-size: 11px; }\n  }\n<\/style>\n\n<div id=\"mind-map\">\n  <div class=\"logo-wrapper\">\n    <img decoding=\"async\" src=\"https:\/\/sswzprd.ethz.ch\/wp-content\/uploads\/2020\/02\/SSWZ_Logo_negativ.png\" alt=\"SSWZ Logo\">\n  <\/div>\n\n  <div class=\"word animated size-xl\">ETH<\/div>\n  <div class=\"word animated size-xl\">UZH<\/div>\n  <div class=\"word animated size-xl\">ZHdK<\/div>\n  <div class=\"word animated size-xl\">PHZH<\/div>\n\n  <div class=\"word animated size-l\">ZHAW<\/div>\n  <div class=\"word animated size-l\">WOKO<\/div>\n  <div class=\"word animated size-l\">Stadt Z\u00fcrich<\/div>\n  <div class=\"word animated size-l\">Energie 360\u00b0 AG<\/div>\n\n  <div class=\"word animated size-m\">Kanton Z\u00fcrich<\/div>\n  <div class=\"word animated size-m\">Amt f\u00fcr St\u00e4dtebau AfS<\/div>\n  <div class=\"word animated size-m\">HWZ<\/div>\n  <div class=\"word animated size-m\">Hochbauamt Stadt Z\u00fcrich<\/div>\n  <div class=\"word animated size-m\">WBG Z\u00fcrich<\/div>\n  <div class=\"word animated size-m\">Energie Schweiz<\/div>\n  <div class=\"word animated size-m\">Grundeigent\u00fcmer<\/div>\n  <div class=\"word animated size-m\">Akustik- &amp; Bauphysik<\/div>\n  <div class=\"word animated size-m\">Wohnbaugenossenschaft Z\u00fcrich<\/div>\n\n  <div class=\"word animated size-s\">Z\u00fcrcher Handelskammer<\/div>\n  <div class=\"word animated size-s\">Architekten \/ Entwickler<\/div>\n  <div class=\"word animated size-s\">Landschaftsarchitekten<\/div>\n  <div class=\"word animated size-s\">Bauingenieure<\/div>\n  <div class=\"word animated size-s\">HLKSE Ingenieure<\/div>\n  <div class=\"word animated size-s\">Baujuristen<\/div>\n  <div class=\"word animated size-s\">Stiftung KIHZ<\/div>\n  <div class=\"word animated size-s\">EWZ<\/div>\n  <div class=\"word animated size-s\">Gemeinn\u00fctziges Wohnen<\/div>\n  <div class=\"word animated size-s\">Wohnbauf\u00f6rderung Z\u00fcrich<\/div>\n  <div class=\"word animated size-s\">Tiefbauamt Stadt Z\u00fcrich<\/div>\n  <div class=\"word animated size-s\">Student Lodge<\/div>\n\n  <div class=\"word animated size-xs\">Amt f\u00fcr Baubewilligungen<\/div>\n  <div class=\"word animated size-xs\">Jugendwohnfonds<\/div>\n  <div class=\"word animated size-xs\">GVZ Geb\u00e4udeversicherung<\/div>\n  <div class=\"word animated size-xs\">Fachspezialisten<\/div>\n  <div class=\"word animated size-xs\">ETH Wohnforum<\/div>\n  <div class=\"word animated size-xs\">Umwelt- &amp; Gesundheitsschutz<\/div>\n<\/div>\n\n<script>\n  window.addEventListener(\"load\", function() {\n    const words = document.querySelectorAll('.word');\n    words.forEach((word) => {\n      word.addEventListener('mouseover', function() {\n        this.classList.remove('animated');\n      });\n      word.addEventListener('mouseout', function() {\n        this.classList.add('animated');\n      });\n    });\n  });\n<\/script>\t\t\t\t<\/div>\n\t\t\t\t<\/div>\n\t\t\t\t\t<\/div>\n\t\t<\/div>\n\t\t\t\t\t<\/div>\n\t\t<\/section>\n\t\t<div class=\"elementor-element elementor-element-a687dfb e-flex e-con-boxed elementor-invisible e-con e-parent\" data-id=\"a687dfb\" data-element_type=\"container\" data-e-type=\"container\" data-settings=\"{&quot;animation&quot;:&quot;fadeInUp&quot;}\">\n\t\t\t\t\t<div class=\"e-con-inner\">\n\t\t<div class=\"elementor-element elementor-element-75f20c1 e-con-full e-flex e-con e-child\" data-id=\"75f20c1\" data-element_type=\"container\" data-e-type=\"container\">\n\t\t\t\t<div class=\"elementor-element elementor-element-acd4843 elementor-widget-divider--view-line elementor-widget elementor-widget-divider\" data-id=\"acd4843\" data-element_type=\"widget\" data-e-type=\"widget\" data-widget_type=\"divider.default\">\n\t\t\t\t<div class=\"elementor-widget-container\">\n\t\t\t\t\t\t\t<div class=\"elementor-divider\">\n\t\t\t<span class=\"elementor-divider-separator\">\n\t\t\t\t\t\t<\/span>\n\t\t<\/div>\n\t\t\t\t\t\t<\/div>\n\t\t\t\t<\/div>\n\t\t\t\t<div class=\"elementor-element elementor-element-0e9da65 elementor-widget-tablet__width-initial elementor-widget elementor-widget-heading\" data-id=\"0e9da65\" data-element_type=\"widget\" data-e-type=\"widget\" data-widget_type=\"heading.default\">\n\t\t\t\t<div class=\"elementor-widget-container\">\n\t\t\t\t\t<h2 class=\"elementor-heading-title elementor-size-default\">SSWZ Development<\/h2>\t\t\t\t<\/div>\n\t\t\t\t<\/div>\n\t\t\t\t<div class=\"elementor-element elementor-element-1260476 elementor-widget-tablet__width-initial elementor-widget elementor-widget-text-editor\" data-id=\"1260476\" data-element_type=\"widget\" data-e-type=\"widget\" data-widget_type=\"text-editor.default\">\n\t\t\t\t<div class=\"elementor-widget-container\">\n\t\t\t\t\t\t\t\t\t<p>In order to create attractive living space for students, SSWZ constantly reviews and searches for potential properties and project opportunities in the city of Zurich and its surrounding area. In doing so, the foundation works in cooperation with real estate developers on a case-by-case basis. As an investor, it acquires properties directly or under building rights.<br \/><br \/>Do you have any questions or would you like to support student housing? Contact us directly.<\/p>\t\t\t\t\t\t\t\t<\/div>\n\t\t\t\t<\/div>\n\t\t\t\t<div class=\"elementor-element elementor-element-e69505a elementor-widget elementor-widget-button\" data-id=\"e69505a\" data-element_type=\"widget\" data-e-type=\"widget\" data-widget_type=\"button.default\">\n\t\t\t\t<div class=\"elementor-widget-container\">\n\t\t\t\t\t\t\t\t\t<div class=\"elementor-button-wrapper\">\n\t\t\t\t\t<a class=\"elementor-button elementor-button-link elementor-size-sm\" href=\"mailto:info@sswz.ch\">\n\t\t\t\t\t\t<span class=\"elementor-button-content-wrapper\">\n\t\t\t\t\t\t\t\t\t<span class=\"elementor-button-text\">Contact now<\/span>\n\t\t\t\t\t<\/span>\n\t\t\t\t\t<\/a>\n\t\t\t\t<\/div>\n\t\t\t\t\t\t\t\t<\/div>\n\t\t\t\t<\/div>\n\t\t\t\t<\/div>\n\t\t<div class=\"elementor-element elementor-element-fec2818 e-con-full e-flex e-con e-child\" data-id=\"fec2818\" data-element_type=\"container\" data-e-type=\"container\" data-settings=\"{&quot;background_background&quot;:&quot;classic&quot;}\">\n\t\t\t\t<\/div>\n\t\t\t\t\t<\/div>\n\t\t\t\t<\/div>\n\t\t\t\t<\/div>","protected":false},"excerpt":{"rendered":"<p>Mit welchen interdisziplin\u00e4ren Partnerschaften wir Wirkung entfalten Gemeinsam f\u00fcr den Hochschul- standort Z\u00fcrich Mehr erfahren SSWZ Netzwerke ETH UZH ZHdK PHZH ZHAW WOKO Stadt Z\u00fcrich Energie 360\u00b0 AG Kanton Z\u00fcrich Amt f\u00fcr St\u00e4dtebau AfS HWZ Hochbauamt Stadt Z\u00fcrich WBG Z\u00fcrich Energie Schweiz Grundeigent\u00fcmer Akustik- &amp; Bauphysik Wohnbaugenossenschaft Z\u00fcrich Z\u00fcrcher Handelskammer Architekten \/ Entwickler Landschaftsarchitekten Bauingenieure [&hellip;]<\/p>\n","protected":false},"author":6,"featured_media":0,"parent":0,"menu_order":10,"comment_status":"closed","ping_status":"closed","template":"","meta":{"_acf_changed":false,"site-sidebar-layout":"no-sidebar","site-content-layout":"page-builder","ast-site-content-layout":"default","site-content-style":"default","site-sidebar-style":"default","ast-global-header-display":"","ast-banner-title-visibility":"","ast-main-header-display":"","ast-hfb-above-header-display":"","ast-hfb-below-header-display":"","ast-hfb-mobile-header-display":"","site-post-title":"disabled","ast-breadcrumbs-content":"","ast-featured-img":"disabled","footer-sml-layout":"","ast-disable-related-posts":"","theme-transparent-header-meta":"default","adv-header-id-meta":"","stick-header-meta":"","header-above-stick-meta":"","header-main-stick-meta":"","header-below-stick-meta":"","astra-migrate-meta-layouts":"default","ast-page-background-enabled":"default","ast-page-background-meta":{"desktop":{"background-color":"","background-image":"","background-repeat":"repeat","background-position":"center center","background-size":"auto","background-attachment":"scroll","background-type":"","background-media":"","overlay-type":"","overlay-color":"","overlay-opacity":"","overlay-gradient":""},"tablet":{"background-color":"","background-image":"","background-repeat":"repeat","background-position":"center center","background-size":"auto","background-attachment":"scroll","background-type":"","background-media":"","overlay-type":"","overlay-color":"","overlay-opacity":"","overlay-gradient":""},"mobile":{"background-color":"","background-image":"","background-repeat":"repeat","background-position":"center center","background-size":"auto","background-attachment":"scroll","background-type":"","background-media":"","overlay-type":"","overlay-color":"","overlay-opacity":"","overlay-gradient":""}},"ast-content-background-meta":{"desktop":{"background-color":"var(--ast-global-color-5)","background-image":"","background-repeat":"repeat","background-position":"center center","background-size":"auto","background-attachment":"scroll","background-type":"","background-media":"","overlay-type":"","overlay-color":"","overlay-opacity":"","overlay-gradient":""},"tablet":{"background-color":"var(--ast-global-color-5)","background-image":"","background-repeat":"repeat","background-position":"center center","background-size":"auto","background-attachment":"scroll","background-type":"","background-media":"","overlay-type":"","overlay-color":"","overlay-opacity":"","overlay-gradient":""},"mobile":{"background-color":"var(--ast-global-color-5)","background-image":"","background-repeat":"repeat","background-position":"center center","background-size":"auto","background-attachment":"scroll","background-type":"","background-media":"","overlay-type":"","overlay-color":"","overlay-opacity":"","overlay-gradient":""}},"footnotes":""},"class_list":["post-1123","page","type-page","status-publish","hentry"],"acf":[],"yoast_head":"<!-- This site is optimized with the Yoast SEO plugin v27.3 - https:\/\/yoast.com\/product\/yoast-seo-wordpress\/ -->\n<title>Partnerschaften - SSWZ<\/title>\n<meta name=\"description\" content=\"Erfahren Sie, wie wir uns f\u00fcr studentisches Wohnen in Z\u00fcrich einsetzen. Lesen Sie mehr \u00fcber unser Engagement f\u00fcr bezahlbaren Wohnraum.\" \/>\n<meta name=\"robots\" content=\"index, follow, max-snippet:-1, max-image-preview:large, max-video-preview:-1\" \/>\n<link rel=\"canonical\" href=\"https:\/\/sswz.ch\/en\/partnerschaften\/\" \/>\n<meta property=\"og:locale\" content=\"en_US\" \/>\n<meta property=\"og:type\" content=\"article\" \/>\n<meta property=\"og:title\" content=\"Partnerschaften - SSWZ\" \/>\n<meta property=\"og:description\" content=\"Erfahren Sie, wie wir uns f\u00fcr studentisches Wohnen in Z\u00fcrich einsetzen. Lesen Sie mehr \u00fcber unser Engagement f\u00fcr bezahlbaren Wohnraum.\" \/>\n<meta property=\"og:url\" content=\"https:\/\/sswz.ch\/en\/partnerschaften\/\" \/>\n<meta property=\"og:site_name\" content=\"SSWZ\" \/>\n<meta property=\"article:modified_time\" content=\"2026-03-24T18:07:40+00:00\" \/>\n<meta property=\"og:image\" content=\"https:\/\/sswzprd.ethz.ch\/wp-content\/uploads\/2020\/02\/SSWZ_Logo_negativ.png\" \/>\n<meta name=\"twitter:card\" content=\"summary_large_image\" \/>\n<meta name=\"twitter:label1\" content=\"Est. reading time\" \/>\n\t<meta name=\"twitter:data1\" content=\"2 minutes\" \/>\n<script type=\"application\/ld+json\" class=\"yoast-schema-graph\">{\"@context\":\"https:\\\/\\\/schema.org\",\"@graph\":[{\"@type\":\"WebPage\",\"@id\":\"https:\\\/\\\/sswz.ch\\\/partnerschaften\\\/\",\"url\":\"https:\\\/\\\/sswz.ch\\\/partnerschaften\\\/\",\"name\":\"Partnerschaften - SSWZ\",\"isPartOf\":{\"@id\":\"https:\\\/\\\/sswz.ch\\\/#website\"},\"primaryImageOfPage\":{\"@id\":\"https:\\\/\\\/sswz.ch\\\/partnerschaften\\\/#primaryimage\"},\"image\":{\"@id\":\"https:\\\/\\\/sswz.ch\\\/partnerschaften\\\/#primaryimage\"},\"thumbnailUrl\":\"https:\\\/\\\/sswzprd.ethz.ch\\\/wp-content\\\/uploads\\\/2020\\\/02\\\/SSWZ_Logo_negativ.png\",\"datePublished\":\"2023-02-22T12:33:34+00:00\",\"dateModified\":\"2026-03-24T18:07:40+00:00\",\"description\":\"Erfahren Sie, wie wir uns f\u00fcr studentisches Wohnen in Z\u00fcrich einsetzen. Lesen Sie mehr \u00fcber unser Engagement f\u00fcr bezahlbaren Wohnraum.\",\"breadcrumb\":{\"@id\":\"https:\\\/\\\/sswz.ch\\\/partnerschaften\\\/#breadcrumb\"},\"inLanguage\":\"en-US\",\"potentialAction\":[{\"@type\":\"ReadAction\",\"target\":[\"https:\\\/\\\/sswz.ch\\\/partnerschaften\\\/\"]}]},{\"@type\":\"ImageObject\",\"inLanguage\":\"en-US\",\"@id\":\"https:\\\/\\\/sswz.ch\\\/partnerschaften\\\/#primaryimage\",\"url\":\"https:\\\/\\\/sswzprd.ethz.ch\\\/wp-content\\\/uploads\\\/2020\\\/02\\\/SSWZ_Logo_negativ.png\",\"contentUrl\":\"https:\\\/\\\/sswzprd.ethz.ch\\\/wp-content\\\/uploads\\\/2020\\\/02\\\/SSWZ_Logo_negativ.png\"},{\"@type\":\"BreadcrumbList\",\"@id\":\"https:\\\/\\\/sswz.ch\\\/partnerschaften\\\/#breadcrumb\",\"itemListElement\":[{\"@type\":\"ListItem\",\"position\":1,\"name\":\"Home\",\"item\":\"https:\\\/\\\/sswz.ch\\\/\"},{\"@type\":\"ListItem\",\"position\":2,\"name\":\"Partnerschaften\"}]},{\"@type\":\"WebSite\",\"@id\":\"https:\\\/\\\/sswz.ch\\\/#website\",\"url\":\"https:\\\/\\\/sswz.ch\\\/\",\"name\":\"SSWZ\",\"description\":\"Stiftung f\u00fcr studentisches Wohnen\",\"publisher\":{\"@id\":\"https:\\\/\\\/sswz.ch\\\/#organization\"},\"potentialAction\":[{\"@type\":\"SearchAction\",\"target\":{\"@type\":\"EntryPoint\",\"urlTemplate\":\"https:\\\/\\\/sswz.ch\\\/?s={search_term_string}\"},\"query-input\":{\"@type\":\"PropertyValueSpecification\",\"valueRequired\":true,\"valueName\":\"search_term_string\"}}],\"inLanguage\":\"en-US\"},{\"@type\":\"Organization\",\"@id\":\"https:\\\/\\\/sswz.ch\\\/#organization\",\"name\":\"Stiftung Studentisches Wohnen Z\u00fcrich\",\"url\":\"https:\\\/\\\/sswz.ch\\\/\",\"logo\":{\"@type\":\"ImageObject\",\"inLanguage\":\"en-US\",\"@id\":\"https:\\\/\\\/sswz.ch\\\/#\\\/schema\\\/logo\\\/image\\\/\",\"url\":\"https:\\\/\\\/sswzprd.ethz.ch\\\/wp-content\\\/uploads\\\/2023\\\/04\\\/SSWZ_Logo_Redesign_negativ.png\",\"contentUrl\":\"https:\\\/\\\/sswzprd.ethz.ch\\\/wp-content\\\/uploads\\\/2023\\\/04\\\/SSWZ_Logo_Redesign_negativ.png\",\"width\":4167,\"height\":4167,\"caption\":\"Stiftung Studentisches Wohnen Z\u00fcrich\"},\"image\":{\"@id\":\"https:\\\/\\\/sswz.ch\\\/#\\\/schema\\\/logo\\\/image\\\/\"}}]}<\/script>\n<!-- \/ Yoast SEO plugin. -->","yoast_head_json":{"title":"Partnerschaften - SSWZ","description":"Erfahren Sie, wie wir uns f\u00fcr studentisches Wohnen in Z\u00fcrich einsetzen. Lesen Sie mehr \u00fcber unser Engagement f\u00fcr bezahlbaren Wohnraum.","robots":{"index":"index","follow":"follow","max-snippet":"max-snippet:-1","max-image-preview":"max-image-preview:large","max-video-preview":"max-video-preview:-1"},"canonical":"https:\/\/sswz.ch\/en\/partnerschaften\/","og_locale":"en_US","og_type":"article","og_title":"Partnerschaften - SSWZ","og_description":"Erfahren Sie, wie wir uns f\u00fcr studentisches Wohnen in Z\u00fcrich einsetzen. Lesen Sie mehr \u00fcber unser Engagement f\u00fcr bezahlbaren Wohnraum.","og_url":"https:\/\/sswz.ch\/en\/partnerschaften\/","og_site_name":"SSWZ","article_modified_time":"2026-03-24T18:07:40+00:00","og_image":[{"url":"https:\/\/sswzprd.ethz.ch\/wp-content\/uploads\/2020\/02\/SSWZ_Logo_negativ.png","type":"","width":"","height":""}],"twitter_card":"summary_large_image","twitter_misc":{"Est. reading time":"2 minutes"},"schema":{"@context":"https:\/\/schema.org","@graph":[{"@type":"WebPage","@id":"https:\/\/sswz.ch\/partnerschaften\/","url":"https:\/\/sswz.ch\/partnerschaften\/","name":"Partnerschaften - SSWZ","isPartOf":{"@id":"https:\/\/sswz.ch\/#website"},"primaryImageOfPage":{"@id":"https:\/\/sswz.ch\/partnerschaften\/#primaryimage"},"image":{"@id":"https:\/\/sswz.ch\/partnerschaften\/#primaryimage"},"thumbnailUrl":"https:\/\/sswzprd.ethz.ch\/wp-content\/uploads\/2020\/02\/SSWZ_Logo_negativ.png","datePublished":"2023-02-22T12:33:34+00:00","dateModified":"2026-03-24T18:07:40+00:00","description":"Erfahren Sie, wie wir uns f\u00fcr studentisches Wohnen in Z\u00fcrich einsetzen. Lesen Sie mehr \u00fcber unser Engagement f\u00fcr bezahlbaren Wohnraum.","breadcrumb":{"@id":"https:\/\/sswz.ch\/partnerschaften\/#breadcrumb"},"inLanguage":"en-US","potentialAction":[{"@type":"ReadAction","target":["https:\/\/sswz.ch\/partnerschaften\/"]}]},{"@type":"ImageObject","inLanguage":"en-US","@id":"https:\/\/sswz.ch\/partnerschaften\/#primaryimage","url":"https:\/\/sswzprd.ethz.ch\/wp-content\/uploads\/2020\/02\/SSWZ_Logo_negativ.png","contentUrl":"https:\/\/sswzprd.ethz.ch\/wp-content\/uploads\/2020\/02\/SSWZ_Logo_negativ.png"},{"@type":"BreadcrumbList","@id":"https:\/\/sswz.ch\/partnerschaften\/#breadcrumb","itemListElement":[{"@type":"ListItem","position":1,"name":"Home","item":"https:\/\/sswz.ch\/"},{"@type":"ListItem","position":2,"name":"Partnerschaften"}]},{"@type":"WebSite","@id":"https:\/\/sswz.ch\/#website","url":"https:\/\/sswz.ch\/","name":"SSWZ","description":"Stiftung f\u00fcr studentisches Wohnen","publisher":{"@id":"https:\/\/sswz.ch\/#organization"},"potentialAction":[{"@type":"SearchAction","target":{"@type":"EntryPoint","urlTemplate":"https:\/\/sswz.ch\/?s={search_term_string}"},"query-input":{"@type":"PropertyValueSpecification","valueRequired":true,"valueName":"search_term_string"}}],"inLanguage":"en-US"},{"@type":"Organization","@id":"https:\/\/sswz.ch\/#organization","name":"Stiftung Studentisches Wohnen Z\u00fcrich","url":"https:\/\/sswz.ch\/","logo":{"@type":"ImageObject","inLanguage":"en-US","@id":"https:\/\/sswz.ch\/#\/schema\/logo\/image\/","url":"https:\/\/sswzprd.ethz.ch\/wp-content\/uploads\/2023\/04\/SSWZ_Logo_Redesign_negativ.png","contentUrl":"https:\/\/sswzprd.ethz.ch\/wp-content\/uploads\/2023\/04\/SSWZ_Logo_Redesign_negativ.png","width":4167,"height":4167,"caption":"Stiftung Studentisches Wohnen Z\u00fcrich"},"image":{"@id":"https:\/\/sswz.ch\/#\/schema\/logo\/image\/"}}]}},"_links":{"self":[{"href":"https:\/\/sswz.ch\/en\/wp-json\/wp\/v2\/pages\/1123","targetHints":{"allow":["GET"]}}],"collection":[{"href":"https:\/\/sswz.ch\/en\/wp-json\/wp\/v2\/pages"}],"about":[{"href":"https:\/\/sswz.ch\/en\/wp-json\/wp\/v2\/types\/page"}],"author":[{"embeddable":true,"href":"https:\/\/sswz.ch\/en\/wp-json\/wp\/v2\/users\/6"}],"replies":[{"embeddable":true,"href":"https:\/\/sswz.ch\/en\/wp-json\/wp\/v2\/comments?post=1123"}],"version-history":[{"count":0,"href":"https:\/\/sswz.ch\/en\/wp-json\/wp\/v2\/pages\/1123\/revisions"}],"wp:attachment":[{"href":"https:\/\/sswz.ch\/en\/wp-json\/wp\/v2\/media?parent=1123"}],"curies":[{"name":"wp","href":"https:\/\/api.w.org\/{rel}","templated":true}]}}