{"id":1521,"date":"2023-04-11T09:36:46","date_gmt":"2023-04-11T09:36:46","guid":{"rendered":"https:\/\/wpdemo1.ethz.ch\/?page_id=1521"},"modified":"2026-02-12T15:23:29","modified_gmt":"2026-02-12T15:23:29","slug":"sswz-impressum","status":"publish","type":"page","link":"https:\/\/sswz.ch\/en\/sswz-impressum\/","title":{"rendered":"Impressum"},"content":{"rendered":"<div data-elementor-type=\"wp-page\" data-elementor-id=\"1521\" class=\"elementor elementor-1521\" data-elementor-post-type=\"page\">\n\t\t\t\t\t\t<section class=\"elementor-section elementor-top-section elementor-element elementor-element-d62e482 elementor-section-height-min-height elementor-section-content-middle elementor-section-items-bottom herosection elementor-section-boxed elementor-section-height-default\" data-id=\"d62e482\" data-element_type=\"section\" data-e-type=\"section\" data-settings=\"{&quot;background_background&quot;:&quot;classic&quot;}\">\n\t\t\t\t\t\t\t<div class=\"elementor-background-overlay\"><\/div>\n\t\t\t\t\t\t\t<div class=\"elementor-container elementor-column-gap-default\">\n\t\t\t\t\t<div class=\"elementor-column elementor-col-100 elementor-top-column elementor-element elementor-element-a806a19 elementor-invisible\" data-id=\"a806a19\" data-element_type=\"column\" data-e-type=\"column\" data-settings=\"{&quot;animation&quot;:&quot;fadeInUp&quot;}\">\n\t\t\t<div class=\"elementor-widget-wrap elementor-element-populated\">\n\t\t\t\t\t\t<div class=\"elementor-element elementor-element-d4a8e5f elementor-widget elementor-widget-heading\" data-id=\"d4a8e5f\" data-element_type=\"widget\" data-e-type=\"widget\" data-widget_type=\"heading.default\">\n\t\t\t\t<div class=\"elementor-widget-container\">\n\t\t\t\t\t<h1 class=\"elementor-heading-title elementor-size-default\">Impressum<\/h1>\t\t\t\t<\/div>\n\t\t\t\t<\/div>\n\t\t\t\t\t<\/div>\n\t\t<\/div>\n\t\t\t\t\t<\/div>\n\t\t<\/section>\n\t\t\t\t<section class=\"elementor-section elementor-top-section elementor-element elementor-element-da9adf7 elementor-section-boxed elementor-section-height-default elementor-section-height-default\" data-id=\"da9adf7\" data-element_type=\"section\" data-e-type=\"section\">\n\t\t\t\t\t\t<div class=\"elementor-container elementor-column-gap-default\">\n\t\t\t\t\t<div class=\"elementor-column elementor-col-100 elementor-top-column elementor-element elementor-element-f5b6e3a\" data-id=\"f5b6e3a\" data-element_type=\"column\" data-e-type=\"column\">\n\t\t\t<div class=\"elementor-widget-wrap elementor-element-populated\">\n\t\t\t\t\t\t<div class=\"elementor-element elementor-element-0191a46 elementor-widget elementor-widget-image\" data-id=\"0191a46\" data-element_type=\"widget\" data-e-type=\"widget\" data-widget_type=\"image.default\">\n\t\t\t\t<div class=\"elementor-widget-container\">\n\t\t\t\t\t\t\t\t\t\t\t\t\t\t\t<img fetchpriority=\"high\" decoding=\"async\" width=\"1024\" height=\"422\" src=\"https:\/\/sswz.ch\/wp-content\/uploads\/2020\/02\/SSWZ_Logo_negativ.png\" class=\"attachment-large size-large wp-image-2594\" alt=\"\" srcset=\"https:\/\/sswz.ch\/wp-content\/uploads\/2020\/02\/SSWZ_Logo_negativ-1024x422.png 1024w, https:\/\/sswz.ch\/wp-content\/uploads\/2020\/02\/SSWZ_Logo_negativ-300x124.png 300w, https:\/\/sswz.ch\/wp-content\/uploads\/2020\/02\/SSWZ_Logo_negativ-768x317.png 768w, https:\/\/sswz.ch\/wp-content\/uploads\/2020\/02\/SSWZ_Logo_negativ-1536x634.png 1536w, https:\/\/sswz.ch\/wp-content\/uploads\/2020\/02\/SSWZ_Logo_negativ-2048x845.png 2048w, https:\/\/sswz.ch\/wp-content\/uploads\/2020\/02\/SSWZ_Logo_negativ.png 1920w\" sizes=\"(max-width: 1024px) 100vw, 1024px\" \/>\t\t\t\t\t\t\t\t\t\t\t\t\t\t\t<\/div>\n\t\t\t\t<\/div>\n\t\t\t\t<div class=\"elementor-element elementor-element-f31ad45 elementor-widget elementor-widget-text-editor\" data-id=\"f31ad45\" data-element_type=\"widget\" data-e-type=\"widget\" data-widget_type=\"text-editor.default\">\n\t\t\t\t<div class=\"elementor-widget-container\">\n\t\t\t\t\t\t\t\t\t<p>Foundation for Student Housing Zurich (SSWZ)<br \/>Sonneggstrasse 23<br \/>8006 Z\u00fcrich<br \/>Schweiz<\/p><p>Tel.: <a href=\"tel:+41446325211\">+41 44 632 52 11<\/a><br \/>E-Mail: <a href=\"mailto:info@sswz.ch\">info@sswz.ch<\/a><br \/>Website: www.sswz.ch<\/p><p>Commercial register: CHE-101.661.357<\/p><p>Responsible for this website:<br \/>Stiftung f\u00fcr Studentisches Wohnen Z\u00fcrich<\/p><p>All texts and links have been carefully checked and are constantly updated. We endeavour to provide accurate and complete information on this website, but do not accept any responsibility, guarantee or liability that the information provided through this website is accurate, complete or up-to-date. We reserve the right to change the information on this website at any time without notice and make no commitment to update the information contained herein. All links to external providers were checked for accuracy at the time of their inclusion, but we are not liable for the content and availability of websites that can be reached via hyperlinks. For illegal, incorrect or incomplete content and in particular for damage caused by the content of linked pages, the provider of the page to which the link refers shall be solely liable. It is irrelevant whether the damage is of a direct, indirect or financial nature or any other damage that could result from loss of data, loss of use or other reasons of any kind.<\/p><p><b>Copyright<br \/><\/b>The copyrights and all other rights to the content, images, photos or other files on the website belong exclusively to the Stiftung f\u00fcr Studentisches Wohnen Z\u00fcrich or specifically named rights holders.<\/p>\t\t\t\t\t\t\t\t<\/div>\n\t\t\t\t<\/div>\n\t\t\t\t\t<\/div>\n\t\t<\/div>\n\t\t\t\t\t<\/div>\n\t\t<\/section>\n\t\t\t\t<\/div>","protected":false},"excerpt":{"rendered":"<p>Impressum Stiftung f\u00fcr Studentisches Wohnen Z\u00fcrich (SSWZ)Sonneggstrasse 238006 Z\u00fcrichSchweiz Tel.: +41 44 632 52 11E-Mail: info@sswz.chWebsite: www.sswz.ch Handelsregister: CHE-101.661.357 Verantwortlich f\u00fcr diese Website:Stiftung f\u00fcr Studentisches Wohnen Z\u00fcrich Alle Texte und Links wurden sorgf\u00e4ltig gepr\u00fcft und werden laufend aktualisiert. Wir sind bem\u00fcht, richtige und vollst\u00e4ndige Informationen auf dieser Website bereitzustellen, \u00fcbernehmen aber keinerlei Verantwortung, Garantien oder [&hellip;]<\/p>\n","protected":false},"author":6,"featured_media":0,"parent":0,"menu_order":7,"comment_status":"closed","ping_status":"closed","template":"","meta":{"_acf_changed":false,"site-sidebar-layout":"no-sidebar","site-content-layout":"page-builder","ast-site-content-layout":"default","site-content-style":"default","site-sidebar-style":"default","ast-global-header-display":"","ast-banner-title-visibility":"","ast-main-header-display":"","ast-hfb-above-header-display":"","ast-hfb-below-header-display":"","ast-hfb-mobile-header-display":"","site-post-title":"disabled","ast-breadcrumbs-content":"","ast-featured-img":"disabled","footer-sml-layout":"","ast-disable-related-posts":"","theme-transparent-header-meta":"default","adv-header-id-meta":"","stick-header-meta":"","header-above-stick-meta":"","header-main-stick-meta":"","header-below-stick-meta":"","astra-migrate-meta-layouts":"default","ast-page-background-enabled":"default","ast-page-background-meta":{"desktop":{"background-color":"","background-image":"","background-repeat":"repeat","background-position":"center center","background-size":"auto","background-attachment":"scroll","background-type":"","background-media":"","overlay-type":"","overlay-color":"","overlay-opacity":"","overlay-gradient":""},"tablet":{"background-color":"","background-image":"","background-repeat":"repeat","background-position":"center center","background-size":"auto","background-attachment":"scroll","background-type":"","background-media":"","overlay-type":"","overlay-color":"","overlay-opacity":"","overlay-gradient":""},"mobile":{"background-color":"","background-image":"","background-repeat":"repeat","background-position":"center center","background-size":"auto","background-attachment":"scroll","background-type":"","background-media":"","overlay-type":"","overlay-color":"","overlay-opacity":"","overlay-gradient":""}},"ast-content-background-meta":{"desktop":{"background-color":"var(--ast-global-color-5)","background-image":"","background-repeat":"repeat","background-position":"center center","background-size":"auto","background-attachment":"scroll","background-type":"","background-media":"","overlay-type":"","overlay-color":"","overlay-opacity":"","overlay-gradient":""},"tablet":{"background-color":"var(--ast-global-color-5)","background-image":"","background-repeat":"repeat","background-position":"center center","background-size":"auto","background-attachment":"scroll","background-type":"","background-media":"","overlay-type":"","overlay-color":"","overlay-opacity":"","overlay-gradient":""},"mobile":{"background-color":"var(--ast-global-color-5)","background-image":"","background-repeat":"repeat","background-position":"center center","background-size":"auto","background-attachment":"scroll","background-type":"","background-media":"","overlay-type":"","overlay-color":"","overlay-opacity":"","overlay-gradient":""}},"footnotes":""},"class_list":["post-1521","page","type-page","status-publish","hentry"],"acf":[],"yoast_head":"<!-- This site is optimized with the Yoast SEO plugin v27.4 - https:\/\/yoast.com\/product\/yoast-seo-wordpress\/ -->\n<title>Impressum - SSWZ<\/title>\n<meta name=\"description\" content=\"Finden Sie in unserem Impressum alle notwendigen Kontaktdaten und rechtlichen Informationen zur SSWZ. Erfahren Sie mehr \u00fcber unsere rechtliche Struktur und wie Sie uns erreichen k\u00f6nnen.\" \/>\n<meta name=\"robots\" content=\"index, follow, max-snippet:-1, max-image-preview:large, max-video-preview:-1\" \/>\n<link rel=\"canonical\" href=\"https:\/\/sswz.ch\/en\/sswz-impressum\/\" \/>\n<meta property=\"og:locale\" content=\"en_US\" \/>\n<meta property=\"og:type\" content=\"article\" \/>\n<meta property=\"og:title\" content=\"Impressum - SSWZ\" \/>\n<meta property=\"og:description\" content=\"Finden Sie in unserem Impressum alle notwendigen Kontaktdaten und rechtlichen Informationen zur SSWZ. Erfahren Sie mehr \u00fcber unsere rechtliche Struktur und wie Sie uns erreichen k\u00f6nnen.\" \/>\n<meta property=\"og:url\" content=\"https:\/\/sswz.ch\/en\/sswz-impressum\/\" \/>\n<meta property=\"og:site_name\" content=\"SSWZ\" \/>\n<meta property=\"article:modified_time\" content=\"2026-02-12T15:23:29+00:00\" \/>\n<meta property=\"og:image\" content=\"https:\/\/sswzprd.ethz.ch\/wp-content\/uploads\/2020\/02\/SSWZ_Logo_negativ.png\" \/>\n<meta name=\"twitter:card\" content=\"summary_large_image\" \/>\n<meta name=\"twitter:label1\" content=\"Est. reading time\" \/>\n\t<meta name=\"twitter:data1\" content=\"2 minutes\" \/>\n<script type=\"application\/ld+json\" class=\"yoast-schema-graph\">{\"@context\":\"https:\\\/\\\/schema.org\",\"@graph\":[{\"@type\":\"WebPage\",\"@id\":\"https:\\\/\\\/sswz.ch\\\/sswz-impressum\\\/\",\"url\":\"https:\\\/\\\/sswz.ch\\\/sswz-impressum\\\/\",\"name\":\"Impressum - SSWZ\",\"isPartOf\":{\"@id\":\"https:\\\/\\\/sswz.ch\\\/#website\"},\"primaryImageOfPage\":{\"@id\":\"https:\\\/\\\/sswz.ch\\\/sswz-impressum\\\/#primaryimage\"},\"image\":{\"@id\":\"https:\\\/\\\/sswz.ch\\\/sswz-impressum\\\/#primaryimage\"},\"thumbnailUrl\":\"https:\\\/\\\/sswz.ch\\\/wp-content\\\/uploads\\\/2020\\\/02\\\/SSWZ_Logo_negativ.png\",\"datePublished\":\"2023-04-11T09:36:46+00:00\",\"dateModified\":\"2026-02-12T15:23:29+00:00\",\"description\":\"Finden Sie in unserem Impressum alle notwendigen Kontaktdaten und rechtlichen Informationen zur SSWZ. Erfahren Sie mehr \u00fcber unsere rechtliche Struktur und wie Sie uns erreichen k\u00f6nnen.\",\"breadcrumb\":{\"@id\":\"https:\\\/\\\/sswz.ch\\\/sswz-impressum\\\/#breadcrumb\"},\"inLanguage\":\"en-US\",\"potentialAction\":[{\"@type\":\"ReadAction\",\"target\":[\"https:\\\/\\\/sswz.ch\\\/sswz-impressum\\\/\"]}]},{\"@type\":\"ImageObject\",\"inLanguage\":\"en-US\",\"@id\":\"https:\\\/\\\/sswz.ch\\\/sswz-impressum\\\/#primaryimage\",\"url\":\"https:\\\/\\\/sswz.ch\\\/wp-content\\\/uploads\\\/2020\\\/02\\\/SSWZ_Logo_negativ.png\",\"contentUrl\":\"https:\\\/\\\/sswz.ch\\\/wp-content\\\/uploads\\\/2020\\\/02\\\/SSWZ_Logo_negativ.png\"},{\"@type\":\"BreadcrumbList\",\"@id\":\"https:\\\/\\\/sswz.ch\\\/sswz-impressum\\\/#breadcrumb\",\"itemListElement\":[{\"@type\":\"ListItem\",\"position\":1,\"name\":\"Home\",\"item\":\"https:\\\/\\\/sswz.ch\\\/\"},{\"@type\":\"ListItem\",\"position\":2,\"name\":\"Impressum\"}]},{\"@type\":\"WebSite\",\"@id\":\"https:\\\/\\\/sswz.ch\\\/#website\",\"url\":\"https:\\\/\\\/sswz.ch\\\/\",\"name\":\"SSWZ\",\"description\":\"Stiftung f\u00fcr studentisches Wohnen\",\"publisher\":{\"@id\":\"https:\\\/\\\/sswz.ch\\\/#organization\"},\"potentialAction\":[{\"@type\":\"SearchAction\",\"target\":{\"@type\":\"EntryPoint\",\"urlTemplate\":\"https:\\\/\\\/sswz.ch\\\/?s={search_term_string}\"},\"query-input\":{\"@type\":\"PropertyValueSpecification\",\"valueRequired\":true,\"valueName\":\"search_term_string\"}}],\"inLanguage\":\"en-US\"},{\"@type\":\"Organization\",\"@id\":\"https:\\\/\\\/sswz.ch\\\/#organization\",\"name\":\"Stiftung Studentisches Wohnen Z\u00fcrich\",\"url\":\"https:\\\/\\\/sswz.ch\\\/\",\"logo\":{\"@type\":\"ImageObject\",\"inLanguage\":\"en-US\",\"@id\":\"https:\\\/\\\/sswz.ch\\\/#\\\/schema\\\/logo\\\/image\\\/\",\"url\":\"https:\\\/\\\/sswzprd.ethz.ch\\\/wp-content\\\/uploads\\\/2023\\\/04\\\/SSWZ_Logo_Redesign_negativ.png\",\"contentUrl\":\"https:\\\/\\\/sswzprd.ethz.ch\\\/wp-content\\\/uploads\\\/2023\\\/04\\\/SSWZ_Logo_Redesign_negativ.png\",\"width\":4167,\"height\":4167,\"caption\":\"Stiftung Studentisches Wohnen Z\u00fcrich\"},\"image\":{\"@id\":\"https:\\\/\\\/sswz.ch\\\/#\\\/schema\\\/logo\\\/image\\\/\"}}]}<\/script>\n<!-- \/ Yoast SEO plugin. -->","yoast_head_json":{"title":"Impressum - SSWZ","description":"Finden Sie in unserem Impressum alle notwendigen Kontaktdaten und rechtlichen Informationen zur SSWZ. Erfahren Sie mehr \u00fcber unsere rechtliche Struktur und wie Sie uns erreichen k\u00f6nnen.","robots":{"index":"index","follow":"follow","max-snippet":"max-snippet:-1","max-image-preview":"max-image-preview:large","max-video-preview":"max-video-preview:-1"},"canonical":"https:\/\/sswz.ch\/en\/sswz-impressum\/","og_locale":"en_US","og_type":"article","og_title":"Impressum - SSWZ","og_description":"Finden Sie in unserem Impressum alle notwendigen Kontaktdaten und rechtlichen Informationen zur SSWZ. Erfahren Sie mehr \u00fcber unsere rechtliche Struktur und wie Sie uns erreichen k\u00f6nnen.","og_url":"https:\/\/sswz.ch\/en\/sswz-impressum\/","og_site_name":"SSWZ","article_modified_time":"2026-02-12T15:23:29+00:00","og_image":[{"url":"https:\/\/sswzprd.ethz.ch\/wp-content\/uploads\/2020\/02\/SSWZ_Logo_negativ.png","type":"","width":"","height":""}],"twitter_card":"summary_large_image","twitter_misc":{"Est. reading time":"2 minutes"},"schema":{"@context":"https:\/\/schema.org","@graph":[{"@type":"WebPage","@id":"https:\/\/sswz.ch\/sswz-impressum\/","url":"https:\/\/sswz.ch\/sswz-impressum\/","name":"Impressum - SSWZ","isPartOf":{"@id":"https:\/\/sswz.ch\/#website"},"primaryImageOfPage":{"@id":"https:\/\/sswz.ch\/sswz-impressum\/#primaryimage"},"image":{"@id":"https:\/\/sswz.ch\/sswz-impressum\/#primaryimage"},"thumbnailUrl":"https:\/\/sswz.ch\/wp-content\/uploads\/2020\/02\/SSWZ_Logo_negativ.png","datePublished":"2023-04-11T09:36:46+00:00","dateModified":"2026-02-12T15:23:29+00:00","description":"Finden Sie in unserem Impressum alle notwendigen Kontaktdaten und rechtlichen Informationen zur SSWZ. Erfahren Sie mehr \u00fcber unsere rechtliche Struktur und wie Sie uns erreichen k\u00f6nnen.","breadcrumb":{"@id":"https:\/\/sswz.ch\/sswz-impressum\/#breadcrumb"},"inLanguage":"en-US","potentialAction":[{"@type":"ReadAction","target":["https:\/\/sswz.ch\/sswz-impressum\/"]}]},{"@type":"ImageObject","inLanguage":"en-US","@id":"https:\/\/sswz.ch\/sswz-impressum\/#primaryimage","url":"https:\/\/sswz.ch\/wp-content\/uploads\/2020\/02\/SSWZ_Logo_negativ.png","contentUrl":"https:\/\/sswz.ch\/wp-content\/uploads\/2020\/02\/SSWZ_Logo_negativ.png"},{"@type":"BreadcrumbList","@id":"https:\/\/sswz.ch\/sswz-impressum\/#breadcrumb","itemListElement":[{"@type":"ListItem","position":1,"name":"Home","item":"https:\/\/sswz.ch\/"},{"@type":"ListItem","position":2,"name":"Impressum"}]},{"@type":"WebSite","@id":"https:\/\/sswz.ch\/#website","url":"https:\/\/sswz.ch\/","name":"SSWZ","description":"Stiftung f\u00fcr studentisches Wohnen","publisher":{"@id":"https:\/\/sswz.ch\/#organization"},"potentialAction":[{"@type":"SearchAction","target":{"@type":"EntryPoint","urlTemplate":"https:\/\/sswz.ch\/?s={search_term_string}"},"query-input":{"@type":"PropertyValueSpecification","valueRequired":true,"valueName":"search_term_string"}}],"inLanguage":"en-US"},{"@type":"Organization","@id":"https:\/\/sswz.ch\/#organization","name":"Stiftung Studentisches Wohnen Z\u00fcrich","url":"https:\/\/sswz.ch\/","logo":{"@type":"ImageObject","inLanguage":"en-US","@id":"https:\/\/sswz.ch\/#\/schema\/logo\/image\/","url":"https:\/\/sswzprd.ethz.ch\/wp-content\/uploads\/2023\/04\/SSWZ_Logo_Redesign_negativ.png","contentUrl":"https:\/\/sswzprd.ethz.ch\/wp-content\/uploads\/2023\/04\/SSWZ_Logo_Redesign_negativ.png","width":4167,"height":4167,"caption":"Stiftung Studentisches Wohnen Z\u00fcrich"},"image":{"@id":"https:\/\/sswz.ch\/#\/schema\/logo\/image\/"}}]}},"_links":{"self":[{"href":"https:\/\/sswz.ch\/en\/wp-json\/wp\/v2\/pages\/1521","targetHints":{"allow":["GET"]}}],"collection":[{"href":"https:\/\/sswz.ch\/en\/wp-json\/wp\/v2\/pages"}],"about":[{"href":"https:\/\/sswz.ch\/en\/wp-json\/wp\/v2\/types\/page"}],"author":[{"embeddable":true,"href":"https:\/\/sswz.ch\/en\/wp-json\/wp\/v2\/users\/6"}],"replies":[{"embeddable":true,"href":"https:\/\/sswz.ch\/en\/wp-json\/wp\/v2\/comments?post=1521"}],"version-history":[{"count":0,"href":"https:\/\/sswz.ch\/en\/wp-json\/wp\/v2\/pages\/1521\/revisions"}],"wp:attachment":[{"href":"https:\/\/sswz.ch\/en\/wp-json\/wp\/v2\/media?parent=1521"}],"curies":[{"name":"wp","href":"https:\/\/api.w.org\/{rel}","templated":true}]}}