{"id":1734,"date":"2023-04-16T17:24:43","date_gmt":"2023-04-16T17:24:43","guid":{"rendered":"https:\/\/wpdemo1.ethz.ch\/?page_id=1734"},"modified":"2026-03-12T12:52:44","modified_gmt":"2026-03-12T12:52:44","slug":"research-und-jobs","status":"publish","type":"page","link":"https:\/\/sswz.ch\/en\/research-und-jobs\/","title":{"rendered":"Research and Jobs"},"content":{"rendered":"\t\t<div data-elementor-type=\"wp-page\" data-elementor-id=\"1734\" class=\"elementor elementor-1734\" data-elementor-post-type=\"page\">\n\t\t\t\t\t\t<section class=\"elementor-section elementor-top-section elementor-element elementor-element-d64712e elementor-section-height-min-height elementor-section-content-middle elementor-section-items-bottom herosection elementor-section-boxed elementor-section-height-default\" data-id=\"d64712e\" data-element_type=\"section\" data-e-type=\"section\" data-settings=\"{&quot;background_background&quot;:&quot;classic&quot;}\">\n\t\t\t\t\t\t\t<div class=\"elementor-background-overlay\"><\/div>\n\t\t\t\t\t\t\t<div class=\"elementor-container elementor-column-gap-default\">\n\t\t\t\t\t<div class=\"elementor-column elementor-col-100 elementor-top-column elementor-element elementor-element-7f09d45 elementor-invisible\" data-id=\"7f09d45\" data-element_type=\"column\" data-e-type=\"column\" data-settings=\"{&quot;animation&quot;:&quot;fadeInUp&quot;}\">\n\t\t\t<div class=\"elementor-widget-wrap elementor-element-populated\">\n\t\t\t\t\t\t<div class=\"elementor-element elementor-element-4d884eb elementor-widget elementor-widget-heading\" data-id=\"4d884eb\" data-element_type=\"widget\" data-e-type=\"widget\" data-widget_type=\"heading.default\">\n\t\t\t\t<div class=\"elementor-widget-container\">\n\t\t\t\t\t<h1 class=\"elementor-heading-title elementor-size-default\">Research und Jobs<\/h1>\t\t\t\t<\/div>\n\t\t\t\t<\/div>\n\t\t\t\t\t<\/div>\n\t\t<\/div>\n\t\t\t\t\t<\/div>\n\t\t<\/section>\n\t\t\t\t<section class=\"elementor-section elementor-top-section elementor-element elementor-element-e701d08 elementor-section-boxed elementor-section-height-default elementor-section-height-default\" data-id=\"e701d08\" data-element_type=\"section\" data-e-type=\"section\">\n\t\t\t\t\t\t<div class=\"elementor-container elementor-column-gap-default\">\n\t\t\t\t\t<div class=\"elementor-column elementor-col-100 elementor-top-column elementor-element elementor-element-b4cdbba\" data-id=\"b4cdbba\" data-element_type=\"column\" data-e-type=\"column\">\n\t\t\t<div class=\"elementor-widget-wrap elementor-element-populated\">\n\t\t\t\t\t\t<div class=\"elementor-element elementor-element-68abc09 elementor-widget-divider--view-line elementor-widget elementor-widget-divider\" data-id=\"68abc09\" data-element_type=\"widget\" data-e-type=\"widget\" data-widget_type=\"divider.default\">\n\t\t\t\t<div class=\"elementor-widget-container\">\n\t\t\t\t\t\t\t<div class=\"elementor-divider\">\n\t\t\t<span class=\"elementor-divider-separator\">\n\t\t\t\t\t\t<\/span>\n\t\t<\/div>\n\t\t\t\t\t\t<\/div>\n\t\t\t\t<\/div>\n\t\t\t\t<div class=\"elementor-element elementor-element-dfd5150 elementor-widget-tablet__width-initial elementor-widget elementor-widget-heading\" data-id=\"dfd5150\" data-element_type=\"widget\" data-e-type=\"widget\" data-widget_type=\"heading.default\">\n\t\t\t\t<div class=\"elementor-widget-container\">\n\t\t\t\t\t<h2 class=\"elementor-heading-title elementor-size-default\">Akquisition Liegenschaften<\/h2>\t\t\t\t<\/div>\n\t\t\t\t<\/div>\n\t\t\t\t<div class=\"elementor-element elementor-element-9fe1d80 elementor-widget__width-initial elementor-widget-tablet__width-initial elementor-widget elementor-widget-text-editor\" data-id=\"9fe1d80\" data-element_type=\"widget\" data-e-type=\"widget\" data-widget_type=\"text-editor.default\">\n\t\t\t\t<div class=\"elementor-widget-container\">\n\t\t\t\t\t\t\t\t\t<p>Haben Sie eine passende Liegenschaft? Die Stiftung f\u00fcr Studentisches Wohnen wurde 1987 von der ETH Z\u00fcrich, Universit\u00e4t Z\u00fcrich, Stadt Z\u00fcrich und der studentischen Wohngenossenschaft als gemeinn\u00fctzige, privatrechtliche Stiftung gegr\u00fcndet. Durch ihren Stiftungszweck, Wohnraum an Studierende anzubieten, leistet die SSWZ einen wichtigen Beitrag, um den Hochschulstandort Z\u00fcrich in seiner Attraktivit\u00e4t und Qualit\u00e4t zu st\u00e4rken. Des Weiteren\u00a0<span id=\"read-more-content\" class=\"read-more-content\">legt die Stiftung sehr viel Wert auf sehr zentrale Standorte ihrer Liegenschaften. Die Wege zwischen den Studierendenwohnh\u00e4usern und den Hochschulen ETH\/UNI liegen bei maximal 30 Min. \u00d6V-Distanz. Die Geb\u00e4udekonzeption, Gr\u00f6sse und Anzahl der Zimmer und Gemeinschaftsr\u00e4ume machen das optimale Studierendenwohnhaus aus. Die innerst\u00e4dtische Wohnraumknappheit ist seit Jahren sp\u00fcrbar und entsprechend stellt die Suche nach potenziellen Liegenschaften f\u00fcr Studentisches Wohnen eine grosse Herausforderung dar. Sind Sie als Investor daran interessiert, die SSWZ in ihrem Stiftungszweck zu unterst\u00fctzen? Suchen Sie einen Co-Investor f\u00fcr Ihre Arealentwicklung oder besitzen Sie Liegenschaften, die sich optimal als Studierendenhaus eignen w\u00fcrde? Kontaktieren Sie uns direkt.<\/span><\/p>\t\t\t\t\t\t\t\t<\/div>\n\t\t\t\t<\/div>\n\t\t\t\t<div class=\"elementor-element elementor-element-6ccdc6d elementor-widget elementor-widget-button\" data-id=\"6ccdc6d\" data-element_type=\"widget\" data-e-type=\"widget\" data-widget_type=\"button.default\">\n\t\t\t\t<div class=\"elementor-widget-container\">\n\t\t\t\t\t\t\t\t\t<div class=\"elementor-button-wrapper\">\n\t\t\t\t\t<a class=\"elementor-button elementor-button-link elementor-size-sm\" href=\"mailto:info@sswz.ch\">\n\t\t\t\t\t\t<span class=\"elementor-button-content-wrapper\">\n\t\t\t\t\t\t\t\t\t<span class=\"elementor-button-text\">Jetzt kontaktieren<\/span>\n\t\t\t\t\t<\/span>\n\t\t\t\t\t<\/a>\n\t\t\t\t<\/div>\n\t\t\t\t\t\t\t\t<\/div>\n\t\t\t\t<\/div>\n\t\t\t\t<div class=\"elementor-element elementor-element-953c9f8 elementor-widget-divider--view-line elementor-widget elementor-widget-divider\" data-id=\"953c9f8\" data-element_type=\"widget\" data-e-type=\"widget\" data-widget_type=\"divider.default\">\n\t\t\t\t<div class=\"elementor-widget-container\">\n\t\t\t\t\t\t\t<div class=\"elementor-divider\">\n\t\t\t<span class=\"elementor-divider-separator\">\n\t\t\t\t\t\t<\/span>\n\t\t<\/div>\n\t\t\t\t\t\t<\/div>\n\t\t\t\t<\/div>\n\t\t\t\t<div class=\"elementor-element elementor-element-41bd28b elementor-widget-tablet__width-initial elementor-widget elementor-widget-heading\" data-id=\"41bd28b\" data-element_type=\"widget\" data-e-type=\"widget\" data-widget_type=\"heading.default\">\n\t\t\t\t<div class=\"elementor-widget-container\">\n\t\t\t\t\t<h2 class=\"elementor-heading-title elementor-size-default\">Jobs<\/h2>\t\t\t\t<\/div>\n\t\t\t\t<\/div>\n\t\t\t\t<div class=\"elementor-element elementor-element-597e8cf elementor-widget elementor-widget-text-editor\" data-id=\"597e8cf\" data-element_type=\"widget\" data-e-type=\"widget\" data-widget_type=\"text-editor.default\">\n\t\t\t\t<div class=\"elementor-widget-container\">\n\t\t\t\t\t\t\t\t\t<p>Zurzeit sind keine offenen Stellen zu besetzen.<\/p>\t\t\t\t\t\t\t\t<\/div>\n\t\t\t\t<\/div>\n\t\t\t\t<div class=\"elementor-element elementor-element-25952a5 elementor-grid-2 elementor-grid-tablet-2 elementor-grid-mobile-1 elementor-widget elementor-widget-loop-grid\" data-id=\"25952a5\" data-element_type=\"widget\" data-e-type=\"widget\" data-settings=\"{&quot;template_id&quot;:3356,&quot;columns&quot;:2,&quot;_skin&quot;:&quot;post&quot;,&quot;columns_tablet&quot;:&quot;2&quot;,&quot;columns_mobile&quot;:&quot;1&quot;,&quot;edit_handle_selector&quot;:&quot;[data-elementor-type=\\&quot;loop-item\\&quot;]&quot;,&quot;row_gap&quot;:{&quot;unit&quot;:&quot;px&quot;,&quot;size&quot;:&quot;&quot;,&quot;sizes&quot;:[]},&quot;row_gap_tablet&quot;:{&quot;unit&quot;:&quot;px&quot;,&quot;size&quot;:&quot;&quot;,&quot;sizes&quot;:[]},&quot;row_gap_mobile&quot;:{&quot;unit&quot;:&quot;px&quot;,&quot;size&quot;:&quot;&quot;,&quot;sizes&quot;:[]}}\" data-widget_type=\"loop-grid.post\">\n\t\t\t\t<div class=\"elementor-widget-container\">\n\t\t\t\t\t\t\t<div class=\"e-loop-nothing-found-message\">\n\t\t<\/div>\n\t\t\t\t\t\t<\/div>\n\t\t\t\t<\/div>\n\t\t\t\t\t<\/div>\n\t\t<\/div>\n\t\t\t\t\t<\/div>\n\t\t<\/section>\n\t\t\t\t<section class=\"elementor-section elementor-top-section elementor-element elementor-element-66bfd5b elementor-section-boxed elementor-section-height-default elementor-section-height-default\" data-id=\"66bfd5b\" data-element_type=\"section\" data-e-type=\"section\" data-settings=\"{&quot;background_background&quot;:&quot;classic&quot;}\">\n\t\t\t\t\t\t<div class=\"elementor-container elementor-column-gap-default\">\n\t\t\t\t\t<div class=\"elementor-column elementor-col-100 elementor-top-column elementor-element elementor-element-12579d3\" data-id=\"12579d3\" data-element_type=\"column\" data-e-type=\"column\">\n\t\t\t<div class=\"elementor-widget-wrap elementor-element-populated\">\n\t\t\t\t\t\t<div class=\"elementor-element elementor-element-027d4ce elementor-widget-divider--view-line elementor-widget elementor-widget-divider\" data-id=\"027d4ce\" data-element_type=\"widget\" data-e-type=\"widget\" data-widget_type=\"divider.default\">\n\t\t\t\t<div class=\"elementor-widget-container\">\n\t\t\t\t\t\t\t<div class=\"elementor-divider\">\n\t\t\t<span class=\"elementor-divider-separator\">\n\t\t\t\t\t\t<\/span>\n\t\t<\/div>\n\t\t\t\t\t\t<\/div>\n\t\t\t\t<\/div>\n\t\t\t\t<div class=\"elementor-element elementor-element-1200d00 elementor-widget-tablet__width-initial elementor-widget elementor-widget-heading\" data-id=\"1200d00\" data-element_type=\"widget\" data-e-type=\"widget\" data-widget_type=\"heading.default\">\n\t\t\t\t<div class=\"elementor-widget-container\">\n\t\t\t\t\t<h2 class=\"elementor-heading-title elementor-size-default\">Forschungs&shy;studie \/ Master&shy;arbeit\n<\/h2>\t\t\t\t<\/div>\n\t\t\t\t<\/div>\n\t\t\t\t<div class=\"elementor-element elementor-element-f2514dc elementor-widget elementor-widget-text-editor\" data-id=\"f2514dc\" data-element_type=\"widget\" data-e-type=\"widget\" data-widget_type=\"text-editor.default\">\n\t\t\t\t<div class=\"elementor-widget-container\">\n\t\t\t\t\t\t\t\t\tHaben Sie Ideen f\u00fcr eine Studie oder Masterarbeit?\t\t\t\t\t\t\t\t<\/div>\n\t\t\t\t<\/div>\n\t\t\t\t<div class=\"elementor-element elementor-element-8390c37 elementor-widget elementor-widget-button\" data-id=\"8390c37\" data-element_type=\"widget\" data-e-type=\"widget\" data-widget_type=\"button.default\">\n\t\t\t\t<div class=\"elementor-widget-container\">\n\t\t\t\t\t\t\t\t\t<div class=\"elementor-button-wrapper\">\n\t\t\t\t\t<a class=\"elementor-button elementor-button-link elementor-size-sm\" href=\"mailto:info@sswz.ch\">\n\t\t\t\t\t\t<span class=\"elementor-button-content-wrapper\">\n\t\t\t\t\t\t\t\t\t<span class=\"elementor-button-text\">Jetzt kontaktieren<\/span>\n\t\t\t\t\t<\/span>\n\t\t\t\t\t<\/a>\n\t\t\t\t<\/div>\n\t\t\t\t\t\t\t\t<\/div>\n\t\t\t\t<\/div>\n\t\t\t\t\t<\/div>\n\t\t<\/div>\n\t\t\t\t\t<\/div>\n\t\t<\/section>\n\t\t\t\t<\/div>\n\t\t","protected":false},"excerpt":{"rendered":"<p>Research und Jobs Akquisition Liegenschaften Haben Sie eine passende Liegenschaft? Die Stiftung f\u00fcr Studentisches Wohnen wurde 1987 von der ETH Z\u00fcrich, Universit\u00e4t Z\u00fcrich, Stadt Z\u00fcrich und der studentischen Wohngenossenschaft als gemeinn\u00fctzige, privatrechtliche Stiftung gegr\u00fcndet. Durch ihren Stiftungszweck, Wohnraum an Studierende anzubieten, leistet die SSWZ einen wichtigen Beitrag, um den Hochschulstandort Z\u00fcrich in seiner Attraktivit\u00e4t und [&hellip;]<\/p>\n","protected":false},"author":6,"featured_media":0,"parent":0,"menu_order":11,"comment_status":"closed","ping_status":"closed","template":"","meta":{"_acf_changed":false,"site-sidebar-layout":"no-sidebar","site-content-layout":"page-builder","ast-site-content-layout":"default","site-content-style":"default","site-sidebar-style":"default","ast-global-header-display":"","ast-banner-title-visibility":"","ast-main-header-display":"","ast-hfb-above-header-display":"","ast-hfb-below-header-display":"","ast-hfb-mobile-header-display":"","site-post-title":"disabled","ast-breadcrumbs-content":"","ast-featured-img":"disabled","footer-sml-layout":"","ast-disable-related-posts":"","theme-transparent-header-meta":"default","adv-header-id-meta":"","stick-header-meta":"","header-above-stick-meta":"","header-main-stick-meta":"","header-below-stick-meta":"","astra-migrate-meta-layouts":"default","ast-page-background-enabled":"default","ast-page-background-meta":{"desktop":{"background-color":"","background-image":"","background-repeat":"repeat","background-position":"center center","background-size":"auto","background-attachment":"scroll","background-type":"","background-media":"","overlay-type":"","overlay-color":"","overlay-opacity":"","overlay-gradient":""},"tablet":{"background-color":"","background-image":"","background-repeat":"repeat","background-position":"center center","background-size":"auto","background-attachment":"scroll","background-type":"","background-media":"","overlay-type":"","overlay-color":"","overlay-opacity":"","overlay-gradient":""},"mobile":{"background-color":"","background-image":"","background-repeat":"repeat","background-position":"center center","background-size":"auto","background-attachment":"scroll","background-type":"","background-media":"","overlay-type":"","overlay-color":"","overlay-opacity":"","overlay-gradient":""}},"ast-content-background-meta":{"desktop":{"background-color":"var(--ast-global-color-5)","background-image":"","background-repeat":"repeat","background-position":"center center","background-size":"auto","background-attachment":"scroll","background-type":"","background-media":"","overlay-type":"","overlay-color":"","overlay-opacity":"","overlay-gradient":""},"tablet":{"background-color":"var(--ast-global-color-5)","background-image":"","background-repeat":"repeat","background-position":"center center","background-size":"auto","background-attachment":"scroll","background-type":"","background-media":"","overlay-type":"","overlay-color":"","overlay-opacity":"","overlay-gradient":""},"mobile":{"background-color":"var(--ast-global-color-5)","background-image":"","background-repeat":"repeat","background-position":"center center","background-size":"auto","background-attachment":"scroll","background-type":"","background-media":"","overlay-type":"","overlay-color":"","overlay-opacity":"","overlay-gradient":""}},"footnotes":""},"class_list":["post-1734","page","type-page","status-publish","hentry"],"acf":[],"yoast_head":"<!-- This site is optimized with the Yoast SEO plugin v27.4 - https:\/\/yoast.com\/product\/yoast-seo-wordpress\/ -->\n<title>Research und Jobs - SSWZ<\/title>\n<meta name=\"robots\" content=\"index, follow, max-snippet:-1, max-image-preview:large, max-video-preview:-1\" \/>\n<link rel=\"canonical\" href=\"https:\/\/sswz.ch\/en\/research-und-jobs\/\" \/>\n<meta property=\"og:locale\" content=\"en_US\" \/>\n<meta property=\"og:type\" content=\"article\" \/>\n<meta property=\"og:title\" content=\"Research und Jobs - SSWZ\" \/>\n<meta property=\"og:description\" content=\"Research und Jobs Akquisition Liegenschaften Haben Sie eine passende Liegenschaft? Die Stiftung f\u00fcr Studentisches Wohnen wurde 1987 von der ETH Z\u00fcrich, Universit\u00e4t Z\u00fcrich, Stadt Z\u00fcrich und der studentischen Wohngenossenschaft als gemeinn\u00fctzige, privatrechtliche Stiftung gegr\u00fcndet. Durch ihren Stiftungszweck, Wohnraum an Studierende anzubieten, leistet die SSWZ einen wichtigen Beitrag, um den Hochschulstandort Z\u00fcrich in seiner Attraktivit\u00e4t und [&hellip;]\" \/>\n<meta property=\"og:url\" content=\"https:\/\/sswz.ch\/en\/research-und-jobs\/\" \/>\n<meta property=\"og:site_name\" content=\"SSWZ\" \/>\n<meta property=\"article:modified_time\" content=\"2026-03-12T12:52:44+00:00\" \/>\n<meta name=\"twitter:card\" content=\"summary_large_image\" \/>\n<meta name=\"twitter:label1\" content=\"Est. reading time\" \/>\n\t<meta name=\"twitter:data1\" content=\"1 minute\" \/>\n<script type=\"application\/ld+json\" class=\"yoast-schema-graph\">{\"@context\":\"https:\\\/\\\/schema.org\",\"@graph\":[{\"@type\":\"WebPage\",\"@id\":\"https:\\\/\\\/sswz.ch\\\/research-und-jobs\\\/\",\"url\":\"https:\\\/\\\/sswz.ch\\\/research-und-jobs\\\/\",\"name\":\"Research und Jobs - SSWZ\",\"isPartOf\":{\"@id\":\"https:\\\/\\\/sswz.ch\\\/#website\"},\"datePublished\":\"2023-04-16T17:24:43+00:00\",\"dateModified\":\"2026-03-12T12:52:44+00:00\",\"breadcrumb\":{\"@id\":\"https:\\\/\\\/sswz.ch\\\/research-und-jobs\\\/#breadcrumb\"},\"inLanguage\":\"en-US\",\"potentialAction\":[{\"@type\":\"ReadAction\",\"target\":[\"https:\\\/\\\/sswz.ch\\\/research-und-jobs\\\/\"]}]},{\"@type\":\"BreadcrumbList\",\"@id\":\"https:\\\/\\\/sswz.ch\\\/research-und-jobs\\\/#breadcrumb\",\"itemListElement\":[{\"@type\":\"ListItem\",\"position\":1,\"name\":\"Home\",\"item\":\"https:\\\/\\\/sswz.ch\\\/\"},{\"@type\":\"ListItem\",\"position\":2,\"name\":\"Research und Jobs\"}]},{\"@type\":\"WebSite\",\"@id\":\"https:\\\/\\\/sswz.ch\\\/#website\",\"url\":\"https:\\\/\\\/sswz.ch\\\/\",\"name\":\"SSWZ\",\"description\":\"Stiftung f\u00fcr studentisches Wohnen\",\"publisher\":{\"@id\":\"https:\\\/\\\/sswz.ch\\\/#organization\"},\"potentialAction\":[{\"@type\":\"SearchAction\",\"target\":{\"@type\":\"EntryPoint\",\"urlTemplate\":\"https:\\\/\\\/sswz.ch\\\/?s={search_term_string}\"},\"query-input\":{\"@type\":\"PropertyValueSpecification\",\"valueRequired\":true,\"valueName\":\"search_term_string\"}}],\"inLanguage\":\"en-US\"},{\"@type\":\"Organization\",\"@id\":\"https:\\\/\\\/sswz.ch\\\/#organization\",\"name\":\"Stiftung Studentisches Wohnen Z\u00fcrich\",\"url\":\"https:\\\/\\\/sswz.ch\\\/\",\"logo\":{\"@type\":\"ImageObject\",\"inLanguage\":\"en-US\",\"@id\":\"https:\\\/\\\/sswz.ch\\\/#\\\/schema\\\/logo\\\/image\\\/\",\"url\":\"https:\\\/\\\/sswzprd.ethz.ch\\\/wp-content\\\/uploads\\\/2023\\\/04\\\/SSWZ_Logo_Redesign_negativ.png\",\"contentUrl\":\"https:\\\/\\\/sswzprd.ethz.ch\\\/wp-content\\\/uploads\\\/2023\\\/04\\\/SSWZ_Logo_Redesign_negativ.png\",\"width\":4167,\"height\":4167,\"caption\":\"Stiftung Studentisches Wohnen Z\u00fcrich\"},\"image\":{\"@id\":\"https:\\\/\\\/sswz.ch\\\/#\\\/schema\\\/logo\\\/image\\\/\"}}]}<\/script>\n<!-- \/ Yoast SEO plugin. -->","yoast_head_json":{"title":"Research und Jobs - SSWZ","robots":{"index":"index","follow":"follow","max-snippet":"max-snippet:-1","max-image-preview":"max-image-preview:large","max-video-preview":"max-video-preview:-1"},"canonical":"https:\/\/sswz.ch\/en\/research-und-jobs\/","og_locale":"en_US","og_type":"article","og_title":"Research und Jobs - SSWZ","og_description":"Research und Jobs Akquisition Liegenschaften Haben Sie eine passende Liegenschaft? Die Stiftung f\u00fcr Studentisches Wohnen wurde 1987 von der ETH Z\u00fcrich, Universit\u00e4t Z\u00fcrich, Stadt Z\u00fcrich und der studentischen Wohngenossenschaft als gemeinn\u00fctzige, privatrechtliche Stiftung gegr\u00fcndet. Durch ihren Stiftungszweck, Wohnraum an Studierende anzubieten, leistet die SSWZ einen wichtigen Beitrag, um den Hochschulstandort Z\u00fcrich in seiner Attraktivit\u00e4t und [&hellip;]","og_url":"https:\/\/sswz.ch\/en\/research-und-jobs\/","og_site_name":"SSWZ","article_modified_time":"2026-03-12T12:52:44+00:00","twitter_card":"summary_large_image","twitter_misc":{"Est. reading time":"1 minute"},"schema":{"@context":"https:\/\/schema.org","@graph":[{"@type":"WebPage","@id":"https:\/\/sswz.ch\/research-und-jobs\/","url":"https:\/\/sswz.ch\/research-und-jobs\/","name":"Research und Jobs - SSWZ","isPartOf":{"@id":"https:\/\/sswz.ch\/#website"},"datePublished":"2023-04-16T17:24:43+00:00","dateModified":"2026-03-12T12:52:44+00:00","breadcrumb":{"@id":"https:\/\/sswz.ch\/research-und-jobs\/#breadcrumb"},"inLanguage":"en-US","potentialAction":[{"@type":"ReadAction","target":["https:\/\/sswz.ch\/research-und-jobs\/"]}]},{"@type":"BreadcrumbList","@id":"https:\/\/sswz.ch\/research-und-jobs\/#breadcrumb","itemListElement":[{"@type":"ListItem","position":1,"name":"Home","item":"https:\/\/sswz.ch\/"},{"@type":"ListItem","position":2,"name":"Research und Jobs"}]},{"@type":"WebSite","@id":"https:\/\/sswz.ch\/#website","url":"https:\/\/sswz.ch\/","name":"SSWZ","description":"Stiftung f\u00fcr studentisches Wohnen","publisher":{"@id":"https:\/\/sswz.ch\/#organization"},"potentialAction":[{"@type":"SearchAction","target":{"@type":"EntryPoint","urlTemplate":"https:\/\/sswz.ch\/?s={search_term_string}"},"query-input":{"@type":"PropertyValueSpecification","valueRequired":true,"valueName":"search_term_string"}}],"inLanguage":"en-US"},{"@type":"Organization","@id":"https:\/\/sswz.ch\/#organization","name":"Stiftung Studentisches Wohnen Z\u00fcrich","url":"https:\/\/sswz.ch\/","logo":{"@type":"ImageObject","inLanguage":"en-US","@id":"https:\/\/sswz.ch\/#\/schema\/logo\/image\/","url":"https:\/\/sswzprd.ethz.ch\/wp-content\/uploads\/2023\/04\/SSWZ_Logo_Redesign_negativ.png","contentUrl":"https:\/\/sswzprd.ethz.ch\/wp-content\/uploads\/2023\/04\/SSWZ_Logo_Redesign_negativ.png","width":4167,"height":4167,"caption":"Stiftung Studentisches Wohnen Z\u00fcrich"},"image":{"@id":"https:\/\/sswz.ch\/#\/schema\/logo\/image\/"}}]}},"_links":{"self":[{"href":"https:\/\/sswz.ch\/en\/wp-json\/wp\/v2\/pages\/1734","targetHints":{"allow":["GET"]}}],"collection":[{"href":"https:\/\/sswz.ch\/en\/wp-json\/wp\/v2\/pages"}],"about":[{"href":"https:\/\/sswz.ch\/en\/wp-json\/wp\/v2\/types\/page"}],"author":[{"embeddable":true,"href":"https:\/\/sswz.ch\/en\/wp-json\/wp\/v2\/users\/6"}],"replies":[{"embeddable":true,"href":"https:\/\/sswz.ch\/en\/wp-json\/wp\/v2\/comments?post=1734"}],"version-history":[{"count":0,"href":"https:\/\/sswz.ch\/en\/wp-json\/wp\/v2\/pages\/1734\/revisions"}],"wp:attachment":[{"href":"https:\/\/sswz.ch\/en\/wp-json\/wp\/v2\/media?parent=1734"}],"curies":[{"name":"wp","href":"https:\/\/api.w.org\/{rel}","templated":true}]}}